{"id":946,"date":"2018-02-28T12:11:23","date_gmt":"2018-02-28T12:11:23","guid":{"rendered":"http:\/\/hundeschule-dreamteam.eu\/?page_id=946"},"modified":"2024-05-01T10:59:13","modified_gmt":"2024-05-01T10:59:13","slug":"copy-me","status":"publish","type":"page","link":"http:\/\/hundeschule-dreamteam.eu\/?page_id=946","title":{"rendered":"Copy me"},"content":{"rendered":"<p><strong>Kursbeschreibung Copy me<\/strong><\/p>\n<p>\u201eSchaue was ich tue und mache es mir nach\u201c!<\/p>\n<p>Unsere Hunde lernen, indem sie uns beobachten, sie lernen offenbar viel \u00fcber Bilder. Im sozialen Kontext f\u00e4llt Lernen leichter als im operanten Bereich, so dass es nicht nur \u00e4u\u00dferst vergn\u00fcglich ist, gemeinsam auf Augenh\u00f6he zu arbeiten, sondern Verhaltensketten oder neue Signalw\u00f6rter werden so auch rascher erlernt.<\/p>\n<p><u>Voraussetzungen<\/u> f\u00fcr diesen Kurs gibt es nicht, jedoch w\u00e4re es von <u>Vorteil<\/u>, wenn Ihr Hund 3 Kommandos auf das Wort, also ohne K\u00f6rpersprache ausf\u00fchrt (ideal w\u00e4re 1 k\u00f6rperbezogenes Kommando z.B. \u201eSitz\u201c und 2 objektbezogene Signalw\u00f6rter, z.B. \u201eAu\u00dfen\u201c um Pylone herum oder \u201eHoppa\u201c auf Tischchen), \u201eSteh bleib\u201c ein Begriff ist und Ihr Hund geclickert wird.<\/p>\n<p>Monatlicher Workshop; 2h, 40\u20ac<\/p>\n","protected":false},"excerpt":{"rendered":"<p>Kursbeschreibung Copy me \u201eSchaue was ich tue und mache es mir nach\u201c! Unsere Hunde lernen, indem sie uns beobachten, sie lernen offenbar viel \u00fcber Bilder. Im sozialen Kontext f\u00e4llt Lernen leichter als im operanten Bereich, so dass es nicht nur \u00e4u\u00dferst vergn\u00fcglich ist, gemeinsam auf Augenh\u00f6he zu arbeiten, sondern Verhaltensketten oder neue Signalw\u00f6rter werden so [&hellip;]<\/p>\n","protected":false},"author":1,"featured_media":1483,"parent":142,"menu_order":0,"comment_status":"closed","ping_status":"closed","template":"","meta":[],"_links":{"self":[{"href":"http:\/\/hundeschule-dreamteam.eu\/index.php?rest_route=\/wp\/v2\/pages\/946"}],"collection":[{"href":"http:\/\/hundeschule-dreamteam.eu\/index.php?rest_route=\/wp\/v2\/pages"}],"about":[{"href":"http:\/\/hundeschule-dreamteam.eu\/index.php?rest_route=\/wp\/v2\/types\/page"}],"author":[{"embeddable":true,"href":"http:\/\/hundeschule-dreamteam.eu\/index.php?rest_route=\/wp\/v2\/users\/1"}],"replies":[{"embeddable":true,"href":"http:\/\/hundeschule-dreamteam.eu\/index.php?rest_route=%2Fwp%2Fv2%2Fcomments&post=946"}],"version-history":[{"count":15,"href":"http:\/\/hundeschule-dreamteam.eu\/index.php?rest_route=\/wp\/v2\/pages\/946\/revisions"}],"predecessor-version":[{"id":1485,"href":"http:\/\/hundeschule-dreamteam.eu\/index.php?rest_route=\/wp\/v2\/pages\/946\/revisions\/1485"}],"up":[{"embeddable":true,"href":"http:\/\/hundeschule-dreamteam.eu\/index.php?rest_route=\/wp\/v2\/pages\/142"}],"wp:featuredmedia":[{"embeddable":true,"href":"http:\/\/hundeschule-dreamteam.eu\/index.php?rest_route=\/wp\/v2\/media\/1483"}],"wp:attachment":[{"href":"http:\/\/hundeschule-dreamteam.eu\/index.php?rest_route=%2Fwp%2Fv2%2Fmedia&parent=946"}],"curies":[{"name":"wp","href":"https:\/\/api.w.org\/{rel}","templated":true}]}}