{"id":93,"date":"2016-07-26T13:28:51","date_gmt":"2016-07-26T13:28:51","guid":{"rendered":"http:\/\/hundeschule-dreamteam.eu\/?page_id=93"},"modified":"2024-01-27T14:05:13","modified_gmt":"2024-01-27T14:05:13","slug":"kursorganisation","status":"publish","type":"page","link":"http:\/\/hundeschule-dreamteam.eu\/?page_id=93","title":{"rendered":"Kursorganisation"},"content":{"rendered":"<p>Im Interesse Ihres Hundes bez\u00fcglich des Lernverhaltens und der Sicherung der Qualit\u00e4t bitte ich Sie zu beachten, dass die <strong>Karten f\u00fcr die Erziehungskurse ab Ausstellungsdatum 3 Monate G\u00fcltigkeit <\/strong>haben.<\/p>\n<p><span class=\"ff1 cf3 fs16\">Die Mehrheit der Kurse sind offene Gruppen und\u00a0werden \u00fcber 8er-Karten bei den\u00a0Erziehungskursen und \u00fcber 10er-<wbr \/>Karten bei den Besch\u00e4ftigungskursen abgerechnet. Das bedeutet f\u00fcr Sie, da\u00df Sie nur bezahlen, wenn Sie auch anwesend sind. F\u00fcr mich bedeutet das, dass ich mit \u00dcberraschungen rechnen muss: Manchmal sind die Kurse\u00a0\u00e4u\u00dferst voll, was nicht immer so sch\u00f6n ist f\u00fcr Sie, manchmal sind die Kurse d\u00fcnn besucht, was\u00a0dann wiederum nicht so sch\u00f6n\u00a0ist f\u00fcr den Kursleiter, weil so manche \u00dcbung dann nicht durchf\u00fchrbar ist.<br \/>\n<b><br \/>\n<\/b><strong>Um dieses kundenfreundliche Kartensystem aufrechterhalten zu k\u00f6nnen, bitte ich Sie deshalb um eine kurze Nachricht 24 h im Vorhinein, wenn es bei Ihnen mal\u00a0nicht klappen sollte. Ansonsten muss ich die Stunde berechnen.<\/strong><b><br \/>\n<\/b><\/span><\/p>\n<p>mail: christinebayer@heilpraktikeramisartor.de<\/p>\n<p>Tel: 0179-525 19 38<\/p>\n<p><span class=\"fs16 ff1 cf3\"><a href=\"http:\/\/hundeschule-dreamteam.eu\/agbs\"><b><span style=\"color: #0066cc;\"><span style=\"color: #000000;\"><img decoding=\"async\" loading=\"lazy\" class=\"size-medium wp-image-380 aligncenter\" src=\"http:\/\/hundeschule-dreamteam.eu\/wp-content\/uploads\/2016\/08\/032-2-300x199.jpg\" alt=\"032\" width=\"300\" height=\"199\" srcset=\"http:\/\/hundeschule-dreamteam.eu\/wp-content\/uploads\/2016\/08\/032-2-300x199.jpg 300w, http:\/\/hundeschule-dreamteam.eu\/wp-content\/uploads\/2016\/08\/032-2-768x509.jpg 768w, http:\/\/hundeschule-dreamteam.eu\/wp-content\/uploads\/2016\/08\/032-2-1024x678.jpg 1024w, http:\/\/hundeschule-dreamteam.eu\/wp-content\/uploads\/2016\/08\/032-2-1200x795.jpg 1200w, http:\/\/hundeschule-dreamteam.eu\/wp-content\/uploads\/2016\/08\/032-2.jpg 1600w\" sizes=\"(max-width: 300px) 100vw, 300px\" \/><\/span><\/span><\/b><\/a><\/span><\/p>\n<p>&nbsp;<\/p>\n<p>&nbsp;<\/p>\n<p>&nbsp;<\/p>\n<p><span class=\"fs16 ff1 cf3\"><a href=\"http:\/\/hundeschule-dreamteam.eu\/agbs\"><b><span style=\"color: #0066cc;\"><span style=\"color: #000000;\">Hier<\/span><\/span><\/b><b> <\/b><b><span style=\"color: #0066cc;\"><span style=\"color: #000000;\">di<\/span><\/span><span style=\"color: #0066cc;\"><span style=\"color: #000000;\">e<\/span><\/span><\/b><b><span style=\"color: #0066cc;\"><span style=\"color: #000000;\"> AGBs<\/span><\/span><\/b><\/a><\/span><b><\/b><\/p>\n<p>&nbsp;<\/p>\n","protected":false},"excerpt":{"rendered":"<p>Im Interesse Ihres Hundes bez\u00fcglich des Lernverhaltens und der Sicherung der Qualit\u00e4t bitte ich Sie zu beachten, dass die Karten f\u00fcr die Erziehungskurse ab Ausstellungsdatum 3 Monate G\u00fcltigkeit haben. Die Mehrheit der Kurse sind offene Gruppen und\u00a0werden \u00fcber 8er-Karten bei den\u00a0Erziehungskursen und \u00fcber 10er-Karten bei den Besch\u00e4ftigungskursen abgerechnet. Das bedeutet f\u00fcr Sie, da\u00df Sie nur [&hellip;]<\/p>\n","protected":false},"author":1,"featured_media":334,"parent":0,"menu_order":0,"comment_status":"closed","ping_status":"closed","template":"","meta":[],"_links":{"self":[{"href":"http:\/\/hundeschule-dreamteam.eu\/index.php?rest_route=\/wp\/v2\/pages\/93"}],"collection":[{"href":"http:\/\/hundeschule-dreamteam.eu\/index.php?rest_route=\/wp\/v2\/pages"}],"about":[{"href":"http:\/\/hundeschule-dreamteam.eu\/index.php?rest_route=\/wp\/v2\/types\/page"}],"author":[{"embeddable":true,"href":"http:\/\/hundeschule-dreamteam.eu\/index.php?rest_route=\/wp\/v2\/users\/1"}],"replies":[{"embeddable":true,"href":"http:\/\/hundeschule-dreamteam.eu\/index.php?rest_route=%2Fwp%2Fv2%2Fcomments&post=93"}],"version-history":[{"count":15,"href":"http:\/\/hundeschule-dreamteam.eu\/index.php?rest_route=\/wp\/v2\/pages\/93\/revisions"}],"predecessor-version":[{"id":1418,"href":"http:\/\/hundeschule-dreamteam.eu\/index.php?rest_route=\/wp\/v2\/pages\/93\/revisions\/1418"}],"wp:featuredmedia":[{"embeddable":true,"href":"http:\/\/hundeschule-dreamteam.eu\/index.php?rest_route=\/wp\/v2\/media\/334"}],"wp:attachment":[{"href":"http:\/\/hundeschule-dreamteam.eu\/index.php?rest_route=%2Fwp%2Fv2%2Fmedia&parent=93"}],"curies":[{"name":"wp","href":"https:\/\/api.w.org\/{rel}","templated":true}]}}