{"id":48,"date":"2016-05-17T20:36:09","date_gmt":"2016-05-17T20:36:09","guid":{"rendered":"http:\/\/hundeschule-dreamteam.eu\/?page_id=48"},"modified":"2026-04-09T10:16:07","modified_gmt":"2026-04-09T10:16:07","slug":"startseite","status":"publish","type":"page","link":"http:\/\/hundeschule-dreamteam.eu\/","title":{"rendered":"Startseite"},"content":{"rendered":"\n<figure class=\"wp-block-image\"><img decoding=\"async\" src=\"http:\/\/hundeschule-dreamteam.eu\/wp-content\/uploads\/2023\/11\/B2A1556-Bearbeitet_web.jpg\" alt=\"\"\/><\/figure>\n\n\n<p>.<\/p>\n<h1 style=\"text-align: center;\">Ihre Hundeschule f\u00fcr den Raum Freising, Erding, Moosburg, Landshut, M\u00fcnchen<\/h1>\n<p><img decoding=\"async\" loading=\"lazy\" class=\" wp-image-121 aligncenter\" src=\"http:\/\/hundeschule-dreamteam.eu\/wp-content\/uploads\/2016\/08\/logo-300x283.jpg\" alt=\"logo\" width=\"146\" height=\"138\" \/><\/p>\n<p>\u00a0<\/p>\n<p><img decoding=\"async\" loading=\"lazy\" class=\"size-medium wp-image-1578 aligncenter\" src=\"http:\/\/hundeschule-dreamteam.eu\/wp-content\/uploads\/2026\/04\/Preis-2-300x276.png\" alt=\"\" width=\"300\" height=\"276\" srcset=\"http:\/\/hundeschule-dreamteam.eu\/wp-content\/uploads\/2026\/04\/Preis-2-300x276.png 300w, http:\/\/hundeschule-dreamteam.eu\/wp-content\/uploads\/2026\/04\/Preis-2-768x706.png 768w, http:\/\/hundeschule-dreamteam.eu\/wp-content\/uploads\/2026\/04\/Preis-2.png 1024w\" sizes=\"(max-width: 300px) 100vw, 300px\" \/><\/p>\n<p>Neuer Therapiebegleithundekurs ab Februar 2027<\/p>\n<p>Bei Sturm -und\/oder Unwetterwarnungen behalte ich mir das Recht f\u00fcr kurzfristige Absagen vor, Danke f\u00fcr Ihr Verst\u00e4ndnis<\/p>\n<p style=\"text-align: center;\">Studiophotographie \u00a9 Carolin Tietz\u00a0\u00a0\u00a0\u00a0 <a href=\"http:\/\/www.blitzart.de\">www.blitzart.de<\/a><\/p>","protected":false},"excerpt":{"rendered":"<p>. Ihre Hundeschule f\u00fcr den Raum Freising, Erding, Moosburg, Landshut, M\u00fcnchen \u00a0 Neuer Therapiebegleithundekurs ab Februar 2027 Bei Sturm -und\/oder Unwetterwarnungen behalte ich mir das Recht f\u00fcr kurzfristige Absagen vor, Danke f\u00fcr Ihr Verst\u00e4ndnis Studiophotographie \u00a9 Carolin Tietz\u00a0\u00a0\u00a0\u00a0 www.blitzart.de<\/p>\n","protected":false},"author":1,"featured_media":0,"parent":0,"menu_order":0,"comment_status":"closed","ping_status":"closed","template":"","meta":[],"_links":{"self":[{"href":"http:\/\/hundeschule-dreamteam.eu\/index.php?rest_route=\/wp\/v2\/pages\/48"}],"collection":[{"href":"http:\/\/hundeschule-dreamteam.eu\/index.php?rest_route=\/wp\/v2\/pages"}],"about":[{"href":"http:\/\/hundeschule-dreamteam.eu\/index.php?rest_route=\/wp\/v2\/types\/page"}],"author":[{"embeddable":true,"href":"http:\/\/hundeschule-dreamteam.eu\/index.php?rest_route=\/wp\/v2\/users\/1"}],"replies":[{"embeddable":true,"href":"http:\/\/hundeschule-dreamteam.eu\/index.php?rest_route=%2Fwp%2Fv2%2Fcomments&post=48"}],"version-history":[{"count":69,"href":"http:\/\/hundeschule-dreamteam.eu\/index.php?rest_route=\/wp\/v2\/pages\/48\/revisions"}],"predecessor-version":[{"id":1579,"href":"http:\/\/hundeschule-dreamteam.eu\/index.php?rest_route=\/wp\/v2\/pages\/48\/revisions\/1579"}],"wp:attachment":[{"href":"http:\/\/hundeschule-dreamteam.eu\/index.php?rest_route=%2Fwp%2Fv2%2Fmedia&parent=48"}],"curies":[{"name":"wp","href":"https:\/\/api.w.org\/{rel}","templated":true}]}}