{"id":469,"date":"2016-08-04T18:39:54","date_gmt":"2016-08-04T18:39:54","guid":{"rendered":"http:\/\/hundeschule-dreamteam.eu\/?page_id=469"},"modified":"2026-04-09T10:07:49","modified_gmt":"2026-04-09T10:07:49","slug":"apportieren","status":"publish","type":"page","link":"http:\/\/hundeschule-dreamteam.eu\/?page_id=469","title":{"rendered":"Apportieren"},"content":{"rendered":"<p>Apportieren ist viel mehr, als nur den Ball zu bringen &#8211; eigentlich fangen die \u00dcbungen zum Apportieren da erst an. Als Teil des Jagdverhaltens ist das Apportieren von Gegenst\u00e4nden ein Verhalten, das vielen Hunden Spa\u00df macht, leider wird es von vielen Hundebesitzern auf das reine Ballspiel reduziert. Dabei steckt so viel mehr in dieser Besch\u00e4ftigung! Apportieren\/Dummytraining ist die Ausbildung der Jagdhunde, die dem J\u00e4ger die erlegte Beute zur\u00fcckbringen, und es ist eine sehr anspruchsvolle Ausbildung. Nat\u00fcrlich wollen wir unsere Hunde im Familienverbund nicht zum Jagdgehilfen ausbilden, aber sehr viele Aspekte in dieser Ausbildung helfen Ihnen, Ihren Hund z.B. w\u00e4hrend eines Spaziergangs sinnvoll zu besch\u00e4ftigen.<\/p>\n<p>Jedem Bewegungsreiz unreflektiert hinterherrennen, das w\u00fcrden unsere Hunde sicherlich gerne tun. Wir trainieren jedoch \u00fcber intensive Zusammenarbeit zwischen Ihnen und Ihrem Hund, dass erst \u201eum Erlaubnis\u201c gefragt werden muss.<\/p>\n<p>Dummytraining ist so vielf\u00e4ltig und umfangreich, dass ich hier nur ein paar Beispiele geben m\u00f6chte:<br \/>\n<strong>Steadiness<\/strong>: Ihr Hund bleibt aufmerksam sitzen, w\u00e4hrend Sie Dummys werfen oder verstecken.<br \/>\n<strong>Einweisen<\/strong>: Ihr Hund l\u00e4uft in die von Ihnen gezeigte Richtung &#8222;Voran&#8220; oder &#8222;R\u00fcber&#8220; (links oder rechts), um dort ein Dummy aufzunehmen und zu bringen.<br \/>\n<strong>Freiverlorensuche<\/strong>: Ihr Hund sucht und bringt Dummys, die Sie versteckt haben.<\/p>\n<p><strong>Kurszeiten:<\/strong> Workshop, 2 h, 1x monatlich Sa\/So, 50\u20ac.<\/p>\n","protected":false},"excerpt":{"rendered":"<p>Apportieren ist viel mehr, als nur den Ball zu bringen &#8211; eigentlich fangen die \u00dcbungen zum Apportieren da erst an. Als Teil des Jagdverhaltens ist das Apportieren von Gegenst\u00e4nden ein Verhalten, das vielen Hunden Spa\u00df macht, leider wird es von vielen Hundebesitzern auf das reine Ballspiel reduziert. Dabei steckt so viel mehr in dieser Besch\u00e4ftigung! [&hellip;]<\/p>\n","protected":false},"author":1,"featured_media":495,"parent":142,"menu_order":0,"comment_status":"closed","ping_status":"closed","template":"","meta":[],"_links":{"self":[{"href":"http:\/\/hundeschule-dreamteam.eu\/index.php?rest_route=\/wp\/v2\/pages\/469"}],"collection":[{"href":"http:\/\/hundeschule-dreamteam.eu\/index.php?rest_route=\/wp\/v2\/pages"}],"about":[{"href":"http:\/\/hundeschule-dreamteam.eu\/index.php?rest_route=\/wp\/v2\/types\/page"}],"author":[{"embeddable":true,"href":"http:\/\/hundeschule-dreamteam.eu\/index.php?rest_route=\/wp\/v2\/users\/1"}],"replies":[{"embeddable":true,"href":"http:\/\/hundeschule-dreamteam.eu\/index.php?rest_route=%2Fwp%2Fv2%2Fcomments&post=469"}],"version-history":[{"count":22,"href":"http:\/\/hundeschule-dreamteam.eu\/index.php?rest_route=\/wp\/v2\/pages\/469\/revisions"}],"predecessor-version":[{"id":1571,"href":"http:\/\/hundeschule-dreamteam.eu\/index.php?rest_route=\/wp\/v2\/pages\/469\/revisions\/1571"}],"up":[{"embeddable":true,"href":"http:\/\/hundeschule-dreamteam.eu\/index.php?rest_route=\/wp\/v2\/pages\/142"}],"wp:featuredmedia":[{"embeddable":true,"href":"http:\/\/hundeschule-dreamteam.eu\/index.php?rest_route=\/wp\/v2\/media\/495"}],"wp:attachment":[{"href":"http:\/\/hundeschule-dreamteam.eu\/index.php?rest_route=%2Fwp%2Fv2%2Fmedia&parent=469"}],"curies":[{"name":"wp","href":"https:\/\/api.w.org\/{rel}","templated":true}]}}