{"id":38,"date":"2016-05-16T15:43:45","date_gmt":"2016-05-16T15:43:45","guid":{"rendered":"http:\/\/hundeschule-dreamteam.eu\/?page_id=38"},"modified":"2024-05-01T11:20:25","modified_gmt":"2024-05-01T11:20:25","slug":"hundefuehrerschein","status":"publish","type":"page","link":"http:\/\/hundeschule-dreamteam.eu\/?page_id=38","title":{"rendered":"Hundef\u00fchrerschein"},"content":{"rendered":"<p>Der Hundef\u00fchrerschein richtet sich an alle Teams, die bereits in den Grunderziehungskursen einiges erlernen durften, quasi das Abitur der Erziehungskurse. Dazu trainieren wir&nbsp; 6 x 1,5h au\u00dferhalb des Platzes die Pr\u00fcfung des BHV, der letztlich feststellen&nbsp; m\u00f6chte, ob unsere Hunde eine Gefahr f\u00fcr die Allgemeinheit darstellen.<\/p>\n<ul>\n<li>R\u00fcckruf ohne Leine,<\/li>\n<li>\u201eBleib\u201c Aufgaben unter Bewegungsreizen wie Jogger, Radfahrer usw,<\/li>\n<li>Leinenf\u00fchrigkeit ohne Dauerkorrektur in der Stadt,<\/li>\n<li>Korrekturwort bei Futterreiz,<\/li>\n<li>Anlegen eines Maulkorbes,<\/li>\n<li>Begr\u00fc\u00dfen\u2026<\/li>\n<\/ul>\n<p>Es wird sowohl eine praktische als auch theoretische Pr\u00fcfung abgelegt.<\/p>\n<p>In vielen Gemeinden wird nach Vorlage des Hundef\u00fchrerscheins die Hundesteuer reduziert.<\/p>\n<p>Die <strong>Kosten<\/strong> betragen 240\u20ac zzgl. Pr\u00fcfungsgeb\u00fchr des BHV.&nbsp; Die Teilnehmeranzahl ist auf 6 Teams beschr\u00e4nkt. Kursstart: Winter 2024<\/p>\n","protected":false},"excerpt":{"rendered":"<p>Der Hundef\u00fchrerschein richtet sich an alle Teams, die bereits in den Grunderziehungskursen einiges erlernen durften, quasi das Abitur der Erziehungskurse. Dazu trainieren wir&nbsp; 6 x 1,5h au\u00dferhalb des Platzes die Pr\u00fcfung des BHV, der letztlich feststellen&nbsp; m\u00f6chte, ob unsere Hunde eine Gefahr f\u00fcr die Allgemeinheit darstellen. R\u00fcckruf ohne Leine, \u201eBleib\u201c Aufgaben unter Bewegungsreizen wie Jogger, [&hellip;]<\/p>\n","protected":false},"author":1,"featured_media":419,"parent":9,"menu_order":0,"comment_status":"closed","ping_status":"closed","template":"","meta":[],"_links":{"self":[{"href":"http:\/\/hundeschule-dreamteam.eu\/index.php?rest_route=\/wp\/v2\/pages\/38"}],"collection":[{"href":"http:\/\/hundeschule-dreamteam.eu\/index.php?rest_route=\/wp\/v2\/pages"}],"about":[{"href":"http:\/\/hundeschule-dreamteam.eu\/index.php?rest_route=\/wp\/v2\/types\/page"}],"author":[{"embeddable":true,"href":"http:\/\/hundeschule-dreamteam.eu\/index.php?rest_route=\/wp\/v2\/users\/1"}],"replies":[{"embeddable":true,"href":"http:\/\/hundeschule-dreamteam.eu\/index.php?rest_route=%2Fwp%2Fv2%2Fcomments&post=38"}],"version-history":[{"count":14,"href":"http:\/\/hundeschule-dreamteam.eu\/index.php?rest_route=\/wp\/v2\/pages\/38\/revisions"}],"predecessor-version":[{"id":1500,"href":"http:\/\/hundeschule-dreamteam.eu\/index.php?rest_route=\/wp\/v2\/pages\/38\/revisions\/1500"}],"up":[{"embeddable":true,"href":"http:\/\/hundeschule-dreamteam.eu\/index.php?rest_route=\/wp\/v2\/pages\/9"}],"wp:featuredmedia":[{"embeddable":true,"href":"http:\/\/hundeschule-dreamteam.eu\/index.php?rest_route=\/wp\/v2\/media\/419"}],"wp:attachment":[{"href":"http:\/\/hundeschule-dreamteam.eu\/index.php?rest_route=%2Fwp%2Fv2%2Fmedia&parent=38"}],"curies":[{"name":"wp","href":"https:\/\/api.w.org\/{rel}","templated":true}]}}