{"id":34,"date":"2016-05-16T15:36:58","date_gmt":"2016-05-16T15:36:58","guid":{"rendered":"http:\/\/hundeschule-dreamteam.eu\/?page_id=34"},"modified":"2026-04-09T10:08:53","modified_gmt":"2026-04-09T10:08:53","slug":"die-halbstarken","status":"publish","type":"page","link":"http:\/\/hundeschule-dreamteam.eu\/?page_id=34","title":{"rendered":"Die Halbstarken"},"content":{"rendered":"<h4>Die Halbstarken<\/h4>\n<p>&#8222;Ich will alles, und zwar sofort&#8220; scheint das Leitthema dieser Lebensphase bei Hunden zu sein. Das betrifft z.B. das Jagen (egal ob Jogger oder Hase) oder auch das Spiel mit anderen Hunden (der eigene Hund ist beim Anblick anderer Hunde nicht mehr abrufbar, oder zerrt an der Leine). Unsere Hunde m\u00fcssen vor allem in diesem Alter lernen mit Frustration umzugehen, d.h. sie m\u00fcssen lernen, da\u00df sie nicht alles jetzt sofort haben k\u00f6nnen.<\/p>\n<p><strong>Kursinhalt:<\/strong><\/p>\n<p>Vor allem will ich\u00a0Ihnen zeigen, wie Sie Ihrem Hund auch unter Ablenkung<\/p>\n<ul>\n<li>Sitz bleib,<\/li>\n<li>Platz bleib,<\/li>\n<li>Leinegehen bzw. Kommando &#8222;Fu\u00df&#8220;<br \/>\nund<\/li>\n<li>vor allem das Herankommen &#8222;entlocken&#8220; k\u00f6nnen.<\/li>\n<\/ul>\n<p>[supsystic-gallery id=13]<\/p>\n<p><strong>Kursgeb\u00fchr:<\/strong> 8 x 1 Stunde 180\u20ac.\u00a0 Karteng\u00fcltigkeit 3 Monate ab Ausstellungsdatum.<\/p>\n","protected":false},"excerpt":{"rendered":"<p>Die Halbstarken &#8222;Ich will alles, und zwar sofort&#8220; scheint das Leitthema dieser Lebensphase bei Hunden zu sein. Das betrifft z.B. das Jagen (egal ob Jogger oder Hase) oder auch das Spiel mit anderen Hunden (der eigene Hund ist beim Anblick anderer Hunde nicht mehr abrufbar, oder zerrt an der Leine). Unsere Hunde m\u00fcssen vor allem [&hellip;]<\/p>\n","protected":false},"author":1,"featured_media":0,"parent":9,"menu_order":0,"comment_status":"closed","ping_status":"closed","template":"","meta":[],"_links":{"self":[{"href":"http:\/\/hundeschule-dreamteam.eu\/index.php?rest_route=\/wp\/v2\/pages\/34"}],"collection":[{"href":"http:\/\/hundeschule-dreamteam.eu\/index.php?rest_route=\/wp\/v2\/pages"}],"about":[{"href":"http:\/\/hundeschule-dreamteam.eu\/index.php?rest_route=\/wp\/v2\/types\/page"}],"author":[{"embeddable":true,"href":"http:\/\/hundeschule-dreamteam.eu\/index.php?rest_route=\/wp\/v2\/users\/1"}],"replies":[{"embeddable":true,"href":"http:\/\/hundeschule-dreamteam.eu\/index.php?rest_route=%2Fwp%2Fv2%2Fcomments&post=34"}],"version-history":[{"count":18,"href":"http:\/\/hundeschule-dreamteam.eu\/index.php?rest_route=\/wp\/v2\/pages\/34\/revisions"}],"predecessor-version":[{"id":1573,"href":"http:\/\/hundeschule-dreamteam.eu\/index.php?rest_route=\/wp\/v2\/pages\/34\/revisions\/1573"}],"up":[{"embeddable":true,"href":"http:\/\/hundeschule-dreamteam.eu\/index.php?rest_route=\/wp\/v2\/pages\/9"}],"wp:attachment":[{"href":"http:\/\/hundeschule-dreamteam.eu\/index.php?rest_route=%2Fwp%2Fv2%2Fmedia&parent=34"}],"curies":[{"name":"wp","href":"https:\/\/api.w.org\/{rel}","templated":true}]}}