{"id":169,"date":"2016-08-03T09:09:13","date_gmt":"2016-08-03T09:09:13","guid":{"rendered":"http:\/\/hundeschule-dreamteam.eu\/?page_id=169"},"modified":"2024-05-01T10:45:51","modified_gmt":"2024-05-01T10:45:51","slug":"aussenkurs","status":"publish","type":"page","link":"http:\/\/hundeschule-dreamteam.eu\/?page_id=169","title":{"rendered":"Au\u00dfenkurs"},"content":{"rendered":"<p><strong>Kursbeschreibung Au\u00dfenkurs: <\/strong><\/p>\n<p>\u201ePimp up my Gassigang\u201c \u2013 das w\u00fcnschen sich bestimmt viele unserer Hunde.\u00a0 Nur nach anderen Spielpartnern (in der Regel Artgenossen) Ausschau halten, weil mit denen immer alles viel lustiger ist als mit uns Menschen, oder nur die Umgebung abscannen, was als n\u00e4chstes gejagt werden kann, ist nicht das, was ich langfristig als Teampartner Mensch mit meinen Hunden erreichen will. Daher peppen wir unsere Spazierg\u00e4nge mit allerlei bindungsf\u00f6rdernden Besch\u00e4ftigungen auf, wie beispielsweise Erlernen von Kommandos \u201eAu\u00dfen\u201c- laufe um B\u00e4ume herum, \u201eRaus da\u201c, Apportieren, Doggie Fit,\u00a0 Slalom durch die Beine, einige \u00dcbungen aus dem Hundef\u00fchrerschein \u2026jedoch gucken wir uns auch die bisher erlernte Leinenf\u00fchrigkeit, den R\u00fcckruf und weitere Grundkommandos unter Au\u00dfenablenkung an und versuchen dies gegebenenfalls zu verbessern.<\/p>\n<p><strong>Termine<\/strong>: voraussichtlich\u00a0 6x Donnerstag Nachmittag ab Sommer 2024<\/p>\n<p>Kursgeb\u00fchr 240 \u20ac; wechselnde Treffpunkte; 6 Kurseinheiten<\/p>\n<p><span style=\"display: inline !important; float: none; background-color: transparent; color: #333333; cursor: text; font-family: 'Vollkorn','Times New Roman',Times,serif; font-size: 18px; font-style: normal; font-variant: normal; font-weight: 400; letter-spacing: normal; line-height: 27px; orphans: 2; text-align: left; text-decoration: none; text-indent: 0px; text-transform: none; -webkit-text-stroke-width: 0px; white-space: normal; word-spacing: 0px;\"> Anmeldung bitte per Mail. Die einzelnen Treffpunkte werden rechtzeitig zum Start per Mail bekannt gegeben<\/span><\/p>\n","protected":false},"excerpt":{"rendered":"<p>Kursbeschreibung Au\u00dfenkurs: \u201ePimp up my Gassigang\u201c \u2013 das w\u00fcnschen sich bestimmt viele unserer Hunde.\u00a0 Nur nach anderen Spielpartnern (in der Regel Artgenossen) Ausschau halten, weil mit denen immer alles viel lustiger ist als mit uns Menschen, oder nur die Umgebung abscannen, was als n\u00e4chstes gejagt werden kann, ist nicht das, was ich langfristig als Teampartner [&hellip;]<\/p>\n","protected":false},"author":1,"featured_media":1111,"parent":142,"menu_order":0,"comment_status":"closed","ping_status":"closed","template":"","meta":[],"_links":{"self":[{"href":"http:\/\/hundeschule-dreamteam.eu\/index.php?rest_route=\/wp\/v2\/pages\/169"}],"collection":[{"href":"http:\/\/hundeschule-dreamteam.eu\/index.php?rest_route=\/wp\/v2\/pages"}],"about":[{"href":"http:\/\/hundeschule-dreamteam.eu\/index.php?rest_route=\/wp\/v2\/types\/page"}],"author":[{"embeddable":true,"href":"http:\/\/hundeschule-dreamteam.eu\/index.php?rest_route=\/wp\/v2\/users\/1"}],"replies":[{"embeddable":true,"href":"http:\/\/hundeschule-dreamteam.eu\/index.php?rest_route=%2Fwp%2Fv2%2Fcomments&post=169"}],"version-history":[{"count":35,"href":"http:\/\/hundeschule-dreamteam.eu\/index.php?rest_route=\/wp\/v2\/pages\/169\/revisions"}],"predecessor-version":[{"id":1475,"href":"http:\/\/hundeschule-dreamteam.eu\/index.php?rest_route=\/wp\/v2\/pages\/169\/revisions\/1475"}],"up":[{"embeddable":true,"href":"http:\/\/hundeschule-dreamteam.eu\/index.php?rest_route=\/wp\/v2\/pages\/142"}],"wp:featuredmedia":[{"embeddable":true,"href":"http:\/\/hundeschule-dreamteam.eu\/index.php?rest_route=\/wp\/v2\/media\/1111"}],"wp:attachment":[{"href":"http:\/\/hundeschule-dreamteam.eu\/index.php?rest_route=%2Fwp%2Fv2%2Fmedia&parent=169"}],"curies":[{"name":"wp","href":"https:\/\/api.w.org\/{rel}","templated":true}]}}