{"id":145,"date":"2016-08-02T18:24:26","date_gmt":"2016-08-02T18:24:26","guid":{"rendered":"http:\/\/hundeschule-dreamteam.eu\/?page_id=145"},"modified":"2024-05-01T11:02:15","modified_gmt":"2024-05-01T11:02:15","slug":"rally-obedience","status":"publish","type":"page","link":"http:\/\/hundeschule-dreamteam.eu\/?page_id=145","title":{"rendered":"Rally Obedience"},"content":{"rendered":"<p>Ein Kurs, der ein neues Freudenfeuer bei Chica und inzwischen auch bei Chewie und Chino&nbsp; entfacht hat \u2013 Parcour-Arbeit, Pr\u00e4zision, Unterordnung und vor allem viel partnerschaftliche Kommunikation \u2013 eine wunderbare Teamarbeit!<\/p>\n<p>Der Hundef\u00fchrer durchl\u00e4uft mit seinem Hund einen vorgegebenen Parcour, der z\u00fcgig und pr\u00e4zise abzuarbeiten ist, selbstverst\u00e4ndlich angepasst an das Alter und den Ausbildungsstand des Hundes. An jeder Station findet sich ein Schild, auf dem angegeben ist, welche Aufgabe dort zu erf\u00fcllen ist und in welche Richtung es anschlie\u00dfend weitergeht, so zum Beispiel Sitz-, Platz-, Stehkommandos und deren Kombination, Richtungs\u00e4nderungen in verschiedenen Variationen, Slalom, Voran schicken \u00fcber eine H\u00fcrde \u2026 da gehen uns die Ideen sicherlich nicht aus&#8230;<\/p>\n<p>Workshop, 1x monatlich, 2h, 40 \u20ac<\/p>\n","protected":false},"excerpt":{"rendered":"<p>Ein Kurs, der ein neues Freudenfeuer bei Chica und inzwischen auch bei Chewie und Chino&nbsp; entfacht hat \u2013 Parcour-Arbeit, Pr\u00e4zision, Unterordnung und vor allem viel partnerschaftliche Kommunikation \u2013 eine wunderbare Teamarbeit! Der Hundef\u00fchrer durchl\u00e4uft mit seinem Hund einen vorgegebenen Parcour, der z\u00fcgig und pr\u00e4zise abzuarbeiten ist, selbstverst\u00e4ndlich angepasst an das Alter und den Ausbildungsstand des [&hellip;]<\/p>\n","protected":false},"author":1,"featured_media":1367,"parent":142,"menu_order":0,"comment_status":"closed","ping_status":"closed","template":"","meta":[],"_links":{"self":[{"href":"http:\/\/hundeschule-dreamteam.eu\/index.php?rest_route=\/wp\/v2\/pages\/145"}],"collection":[{"href":"http:\/\/hundeschule-dreamteam.eu\/index.php?rest_route=\/wp\/v2\/pages"}],"about":[{"href":"http:\/\/hundeschule-dreamteam.eu\/index.php?rest_route=\/wp\/v2\/types\/page"}],"author":[{"embeddable":true,"href":"http:\/\/hundeschule-dreamteam.eu\/index.php?rest_route=\/wp\/v2\/users\/1"}],"replies":[{"embeddable":true,"href":"http:\/\/hundeschule-dreamteam.eu\/index.php?rest_route=%2Fwp%2Fv2%2Fcomments&post=145"}],"version-history":[{"count":16,"href":"http:\/\/hundeschule-dreamteam.eu\/index.php?rest_route=\/wp\/v2\/pages\/145\/revisions"}],"predecessor-version":[{"id":1491,"href":"http:\/\/hundeschule-dreamteam.eu\/index.php?rest_route=\/wp\/v2\/pages\/145\/revisions\/1491"}],"up":[{"embeddable":true,"href":"http:\/\/hundeschule-dreamteam.eu\/index.php?rest_route=\/wp\/v2\/pages\/142"}],"wp:featuredmedia":[{"embeddable":true,"href":"http:\/\/hundeschule-dreamteam.eu\/index.php?rest_route=\/wp\/v2\/media\/1367"}],"wp:attachment":[{"href":"http:\/\/hundeschule-dreamteam.eu\/index.php?rest_route=%2Fwp%2Fv2%2Fmedia&parent=145"}],"curies":[{"name":"wp","href":"https:\/\/api.w.org\/{rel}","templated":true}]}}