{"id":142,"date":"2016-08-02T18:14:43","date_gmt":"2016-08-02T18:14:43","guid":{"rendered":"http:\/\/hundeschule-dreamteam.eu\/?page_id=142"},"modified":"2016-08-22T19:03:34","modified_gmt":"2016-08-22T19:03:34","slug":"kursangebot-beschaeftigung","status":"publish","type":"page","link":"http:\/\/hundeschule-dreamteam.eu\/?page_id=142","title":{"rendered":"Kursangebot Besch\u00e4ftigung"},"content":{"rendered":"<p>&nbsp;<\/p>\n<p>Teambildung funktioniert nicht durch Erziehung und Unterordnung allein, nein &#8211; es darf auch Spa\u00df machen!<\/p>\n<p>Ich bin der Meinung, dass es f\u00fcr ein gl\u00fcckliches Zusammenleben von Mensch und Tier gar nicht hoch genug einzusch\u00e4tzen ist, wenn Sie und Ihr Hund ein gemeinsames Hobby betreiben &#8211;<wbr \/> ohne Leistungsdruck, um zusammen Spa\u00df zu haben, einfach aus Freude am gemeinsamen Tun.<\/p>\n","protected":false},"excerpt":{"rendered":"<p>&nbsp; Teambildung funktioniert nicht durch Erziehung und Unterordnung allein, nein &#8211; es darf auch Spa\u00df machen! Ich bin der Meinung, dass es f\u00fcr ein gl\u00fcckliches Zusammenleben von Mensch und Tier gar nicht hoch genug einzusch\u00e4tzen ist, wenn Sie und Ihr Hund ein gemeinsames Hobby betreiben &#8211; ohne Leistungsdruck, um zusammen Spa\u00df zu haben, einfach aus [&hellip;]<\/p>\n","protected":false},"author":1,"featured_media":342,"parent":0,"menu_order":0,"comment_status":"closed","ping_status":"closed","template":"","meta":[],"_links":{"self":[{"href":"http:\/\/hundeschule-dreamteam.eu\/index.php?rest_route=\/wp\/v2\/pages\/142"}],"collection":[{"href":"http:\/\/hundeschule-dreamteam.eu\/index.php?rest_route=\/wp\/v2\/pages"}],"about":[{"href":"http:\/\/hundeschule-dreamteam.eu\/index.php?rest_route=\/wp\/v2\/types\/page"}],"author":[{"embeddable":true,"href":"http:\/\/hundeschule-dreamteam.eu\/index.php?rest_route=\/wp\/v2\/users\/1"}],"replies":[{"embeddable":true,"href":"http:\/\/hundeschule-dreamteam.eu\/index.php?rest_route=%2Fwp%2Fv2%2Fcomments&post=142"}],"version-history":[{"count":6,"href":"http:\/\/hundeschule-dreamteam.eu\/index.php?rest_route=\/wp\/v2\/pages\/142\/revisions"}],"predecessor-version":[{"id":571,"href":"http:\/\/hundeschule-dreamteam.eu\/index.php?rest_route=\/wp\/v2\/pages\/142\/revisions\/571"}],"wp:featuredmedia":[{"embeddable":true,"href":"http:\/\/hundeschule-dreamteam.eu\/index.php?rest_route=\/wp\/v2\/media\/342"}],"wp:attachment":[{"href":"http:\/\/hundeschule-dreamteam.eu\/index.php?rest_route=%2Fwp%2Fv2%2Fmedia&parent=142"}],"curies":[{"name":"wp","href":"https:\/\/api.w.org\/{rel}","templated":true}]}}