{"id":1395,"date":"2024-01-27T13:08:00","date_gmt":"2024-01-27T13:08:00","guid":{"rendered":"http:\/\/hundeschule-dreamteam.eu\/?page_id=1395"},"modified":"2026-03-03T16:04:56","modified_gmt":"2026-03-03T16:04:56","slug":"therapiebegleithunde-ausbildung","status":"publish","type":"page","link":"http:\/\/hundeschule-dreamteam.eu\/?page_id=1395","title":{"rendered":"Therapiebegleithunde Ausbildung"},"content":{"rendered":"<p><img decoding=\"async\" loading=\"lazy\" class=\"alignnone size-medium wp-image-1370\" src=\"http:\/\/hundeschule-dreamteam.eu\/wp-content\/uploads\/2023\/11\/B2A1697-Bearbeitet_web-300x200.jpg\" alt=\"\" width=\"300\" height=\"200\" srcset=\"http:\/\/hundeschule-dreamteam.eu\/wp-content\/uploads\/2023\/11\/B2A1697-Bearbeitet_web-300x200.jpg 300w, http:\/\/hundeschule-dreamteam.eu\/wp-content\/uploads\/2023\/11\/B2A1697-Bearbeitet_web-768x512.jpg 768w, http:\/\/hundeschule-dreamteam.eu\/wp-content\/uploads\/2023\/11\/B2A1697-Bearbeitet_web-1024x683.jpg 1024w, http:\/\/hundeschule-dreamteam.eu\/wp-content\/uploads\/2023\/11\/B2A1697-Bearbeitet_web-1200x800.jpg 1200w, http:\/\/hundeschule-dreamteam.eu\/wp-content\/uploads\/2023\/11\/B2A1697-Bearbeitet_web.jpg 1600w\" sizes=\"(max-width: 300px) 100vw, 300px\" \/><\/p>\n<p><strong>Ausbildung zum Therapiebegleithunde Team<\/strong><\/p>\n<p>Seit Februar 2023 biete ich \u00fcber die D\u00f6pfer Akademie M\u00fcnchen eine Ausbildung zum Therapiebegleithundef\u00fchrer an.<\/p>\n<p>Einj\u00e4hriges <strong>Studium an der ATN zur Trainerin f\u00fcr Therapiebegleithunde<\/strong> inklusive Ausbildungslizenz seit Januar 2021<\/p>\n<div>\n<p>Ausbildung Hundef\u00fchrer\/in in der tiergest\u00fctzten Arbeit, z.B. : Therapiebegleithund (Logop\u00e4die, Ergo-\/ Physio-\/Psychotherapeutischer Begleithund, Schulhund, Kindergartenbesuchshund, Vorlesehund Senioren-\/Demenzbegleithund,\u00a0 Erwachsenenbildung,\u00a0 Gerichtsbegleithund &#8230;<\/p>\n<p>Hier die Termine f\u00fcr die Module 2027: 20.2.\/21.2.27; 20.\/21.3.27; 24.\/25.4.27; 29.\/30.0527; 19.\/20.6.27; 17.\/18.7.27; 11.\/12.9.27<\/p>\n<\/div>\n<p><a href=\"https:\/\/www.doepfer-akademie.de\/fortbildung\/therapiebegleithundefuehrer-in-der-tiergestuetzten-arbeit-1125\/muenchen\/\">https:\/\/www.doepfer-akademie.de\/fortbildung\/therapiebegleithundefuehrer-in-der-tiergestuetzten-arbeit-1125\/muenchen\/<\/a><\/p>\n<p>Kursinhalte<\/p>\n<ul>\n<li><strong>Modul 1:<\/strong> <strong>Theorie u.a.:<\/strong><\/li>\n<\/ul>\n<p>-Rechtliche Grundlagen, Hygiene, Einsatzbereich, Krankheitsbilder, TGA Palliativ, K\u00f6rpersprache, \u00a0Sinne, Pers\u00f6nlichkeit kynologisch<\/p>\n<p>&#8211; theoretische \u00dcbungserfassung f\u00fcr unseren Praxisbereich<\/p>\n<ul>\n<li><strong>Modul 2<\/strong>: <strong>Theorie\/Praxis<\/strong><\/li>\n<\/ul>\n<p>&#8211; Demenz, kurze Krankheitsbildlehre; Stresszeichen, Entwicklung, Hormine, Rassekunde<\/p>\n<p>-So:: <strong>Praxis<\/strong>: Belastbarkeits-\/Eignungstest Hund. Auf dem Hundeplatz testen wir die bestehende Habituation und Sozialisation eines jeden Hundes (Untergr\u00fcnde, Ger\u00e4usche, Ger\u00fcche, Sozialkontakt\u2026 und besprechen das eventuell daraus resultierende Training)<\/p>\n<p><strong>Modul 3-6 Theorie und <\/strong><strong>Praxis: u.a.:<\/strong><\/p>\n<ul>\n<li>\u00dcbungen, die in der TGA gro\u00dfen Einsatz finden wie w\u00fcrfeln, Gl\u00fccksrad stupsen, schieben, ziehen, Tricktraining\u2026und individuelle W\u00fcnsche berufsbezogen<\/li>\n<li>Ankertraining, Clicker\u00fcbungen,\u00a0 Big 5 nach Gosling und Jones<\/li>\n<li><strong>Modul 7: <\/strong>\u00a0Sa Pr\u00fcfung MC in der Akademie, So Praxis Hundeplatz<\/li>\n<\/ul>\n","protected":false},"excerpt":{"rendered":"<p>Ausbildung zum Therapiebegleithunde Team Seit Februar 2023 biete ich \u00fcber die D\u00f6pfer Akademie M\u00fcnchen eine Ausbildung zum Therapiebegleithundef\u00fchrer an. Einj\u00e4hriges Studium an der ATN zur Trainerin f\u00fcr Therapiebegleithunde inklusive Ausbildungslizenz seit Januar 2021 Ausbildung Hundef\u00fchrer\/in in der tiergest\u00fctzten Arbeit, z.B. : Therapiebegleithund (Logop\u00e4die, Ergo-\/ Physio-\/Psychotherapeutischer Begleithund, Schulhund, Kindergartenbesuchshund, Vorlesehund Senioren-\/Demenzbegleithund,\u00a0 Erwachsenenbildung,\u00a0 Gerichtsbegleithund &#8230; Hier die [&hellip;]<\/p>\n","protected":false},"author":1,"featured_media":0,"parent":0,"menu_order":0,"comment_status":"closed","ping_status":"closed","template":"","meta":[],"_links":{"self":[{"href":"http:\/\/hundeschule-dreamteam.eu\/index.php?rest_route=\/wp\/v2\/pages\/1395"}],"collection":[{"href":"http:\/\/hundeschule-dreamteam.eu\/index.php?rest_route=\/wp\/v2\/pages"}],"about":[{"href":"http:\/\/hundeschule-dreamteam.eu\/index.php?rest_route=\/wp\/v2\/types\/page"}],"author":[{"embeddable":true,"href":"http:\/\/hundeschule-dreamteam.eu\/index.php?rest_route=\/wp\/v2\/users\/1"}],"replies":[{"embeddable":true,"href":"http:\/\/hundeschule-dreamteam.eu\/index.php?rest_route=%2Fwp%2Fv2%2Fcomments&post=1395"}],"version-history":[{"count":14,"href":"http:\/\/hundeschule-dreamteam.eu\/index.php?rest_route=\/wp\/v2\/pages\/1395\/revisions"}],"predecessor-version":[{"id":1552,"href":"http:\/\/hundeschule-dreamteam.eu\/index.php?rest_route=\/wp\/v2\/pages\/1395\/revisions\/1552"}],"wp:attachment":[{"href":"http:\/\/hundeschule-dreamteam.eu\/index.php?rest_route=%2Fwp%2Fv2%2Fmedia&parent=1395"}],"curies":[{"name":"wp","href":"https:\/\/api.w.org\/{rel}","templated":true}]}}