{"id":128,"date":"2016-08-02T17:38:01","date_gmt":"2016-08-02T17:38:01","guid":{"rendered":"http:\/\/hundeschule-dreamteam.eu\/?page_id=128"},"modified":"2026-04-09T10:16:58","modified_gmt":"2026-04-09T10:16:58","slug":"aktuelles","status":"publish","type":"page","link":"http:\/\/hundeschule-dreamteam.eu\/?page_id=128","title":{"rendered":"Aktuelles"},"content":{"rendered":"<p style=\"text-align: center;\"><img decoding=\"async\" loading=\"lazy\" class=\"alignnone size-medium wp-image-1578\" src=\"http:\/\/hundeschule-dreamteam.eu\/wp-content\/uploads\/2026\/04\/Preis-2-300x276.png\" alt=\"\" width=\"300\" height=\"276\" srcset=\"http:\/\/hundeschule-dreamteam.eu\/wp-content\/uploads\/2026\/04\/Preis-2-300x276.png 300w, http:\/\/hundeschule-dreamteam.eu\/wp-content\/uploads\/2026\/04\/Preis-2-768x706.png 768w, http:\/\/hundeschule-dreamteam.eu\/wp-content\/uploads\/2026\/04\/Preis-2.png 1024w\" sizes=\"(max-width: 300px) 100vw, 300px\" \/><\/p>\n<p><strong>Allgemeine Hinweise:<\/strong><\/p>\n<ul>\n<li>Bei Sturm- und\/oder Unwetterwarnungen behalte ich mir aus versicherungstechnischen Gr\u00fcnden\u00a0 das Recht auf kurzfristige Absagen vor, Danke f\u00fcr das Verst\u00e4ndnis.<\/li>\n<li>Wir bitten Sie darum, uns \u00fcber Kursabsagen Ihrerseits 24h vorher zu informieren. Andernfalls wird die Stunde berechnet.<\/li>\n<\/ul>\n<p><b><\/b><strong>Hinweis auf meine Dozentent\u00e4tigkeit<\/strong> an der D\u00f6pfer Akademie M\u00fcnchen sowie Regensburg:<\/p>\n<p><strong>Therapiebegleithund Ausbildung<\/strong>: Ab Februar 2027 bilde ich wieder Teams\u00a0 \u00fcber die D\u00f6pfer Akademie zum Therapie-\/Schul-\/Demenzbegleithundef\u00fchrer&#8230;aus.\u00a0 (Termine siehe unter Reiter Therapiebegleithund) .<\/p>\n<p><strong>Hundephysiotherapeut\/in Ausbildung<\/strong>: https:\/\/www.doepfer-akademie.de\/fortbildung\/hundephysiotherapeut-787\/muenchen\/ [Traineranteil]<\/p>\n","protected":false},"excerpt":{"rendered":"<p>Allgemeine Hinweise: Bei Sturm- und\/oder Unwetterwarnungen behalte ich mir aus versicherungstechnischen Gr\u00fcnden\u00a0 das Recht auf kurzfristige Absagen vor, Danke f\u00fcr das Verst\u00e4ndnis. Wir bitten Sie darum, uns \u00fcber Kursabsagen Ihrerseits 24h vorher zu informieren. Andernfalls wird die Stunde berechnet. Hinweis auf meine Dozentent\u00e4tigkeit an der D\u00f6pfer Akademie M\u00fcnchen sowie Regensburg: Therapiebegleithund Ausbildung: Ab Februar 2027 [&hellip;]<\/p>\n","protected":false},"author":1,"featured_media":1363,"parent":0,"menu_order":0,"comment_status":"closed","ping_status":"closed","template":"","meta":[],"_links":{"self":[{"href":"http:\/\/hundeschule-dreamteam.eu\/index.php?rest_route=\/wp\/v2\/pages\/128"}],"collection":[{"href":"http:\/\/hundeschule-dreamteam.eu\/index.php?rest_route=\/wp\/v2\/pages"}],"about":[{"href":"http:\/\/hundeschule-dreamteam.eu\/index.php?rest_route=\/wp\/v2\/types\/page"}],"author":[{"embeddable":true,"href":"http:\/\/hundeschule-dreamteam.eu\/index.php?rest_route=\/wp\/v2\/users\/1"}],"replies":[{"embeddable":true,"href":"http:\/\/hundeschule-dreamteam.eu\/index.php?rest_route=%2Fwp%2Fv2%2Fcomments&post=128"}],"version-history":[{"count":198,"href":"http:\/\/hundeschule-dreamteam.eu\/index.php?rest_route=\/wp\/v2\/pages\/128\/revisions"}],"predecessor-version":[{"id":1580,"href":"http:\/\/hundeschule-dreamteam.eu\/index.php?rest_route=\/wp\/v2\/pages\/128\/revisions\/1580"}],"wp:featuredmedia":[{"embeddable":true,"href":"http:\/\/hundeschule-dreamteam.eu\/index.php?rest_route=\/wp\/v2\/media\/1363"}],"wp:attachment":[{"href":"http:\/\/hundeschule-dreamteam.eu\/index.php?rest_route=%2Fwp%2Fv2%2Fmedia&parent=128"}],"curies":[{"name":"wp","href":"https:\/\/api.w.org\/{rel}","templated":true}]}}