{"id":109,"date":"2016-07-26T14:00:55","date_gmt":"2016-07-26T14:00:55","guid":{"rendered":"http:\/\/hundeschule-dreamteam.eu\/?page_id=109"},"modified":"2024-04-30T13:56:05","modified_gmt":"2024-04-30T13:56:05","slug":"anfahrt","status":"publish","type":"page","link":"http:\/\/hundeschule-dreamteam.eu\/?page_id=109","title":{"rendered":"Anfahrt"},"content":{"rendered":"<p>[wpgmza id=&#8220;1&#8243;]<\/p>\n<p><span class=\"fs16 cf5 ff2\">Der Hundeplatz liegt zwischen Freising und Marzling, ganz in der N\u00e4he der Stoiber M\u00fchle. Warum ich nicht einfach die Adresse f\u00fcr&#8217;s Navi angebe? Weil manche Navigations-<wbr \/>Ger\u00e4te die Adresse nicht finden. Die n\u00e4chstgelegene Adresse, die Sie eingeben k\u00f6nnen, ist die Stoiber M\u00fchle, Marzling (Kulturstr.1) Vor da aus brauchen Sie dann aber trotzdem die u.a. Wegbeschreibung.<\/span><\/p>\n<p><span class=\"ff3 fs16 cf5\"><b>\u00dcber die Autobahn A 92<\/b><\/span><\/p>\n<ul>\n<li><span class=\"ff2 fs16 cf5\">Bei der Ausfahrt Freising Ost von der Autobahn runter,<\/span><\/li>\n<li><span class=\"ff2 fs16 cf5\">1. Kreuzung Richtung Erding,<\/span><\/li>\n<li><span class=\"ff2 fs16 cf5\">nach ca. 200 Metern links abbiegen Richtung Badesee Stoiber M\u00fchle,<\/span><\/li>\n<li><span class=\"ff2 fs16 cf5\">man kommt nach ca. 1,5 km an dem Badesee vorbei,<\/span><\/li>\n<li><span class=\"ff2 fs16 cf5\">dann kommt eine T-<wbr \/>Kreuzung an dieser Kreuzung nicht rechts Richtung Marzling, sondern links Richtung Freising,<\/span><\/li>\n<li><span class=\"ff2 fs16 cf5\">dann kommt eine Br\u00fccke (f\u00fchrt \u00fcber die Autobahn dr\u00fcber),<\/span><\/li>\n<li><span class=\"ff2 fs16 cf5\">gleich nach der Br\u00fccke ist links eine Hofeinfahrt, da reinfahren und<\/span><\/li>\n<li><span class=\"ff2 fs16 cf5\">gleich wieder links einen Hohlweg nehmen, dann kommt der Parkplatz der Hundeschule.<\/span><\/li>\n<\/ul>\n<p><span class=\"ff3 fs16 cf5\"><b>Aus Richtung Moosburg (B11)<\/b><\/span><\/p>\n<ul>\n<li><span class=\"ff2 fs16 cf5\">Auf der Bundesstra\u00dfe 11 bleiben (=B 11N),<\/span><\/li>\n<li><span class=\"ff2 fs16 cf5\">an Freising und Marzling vorbei,<br \/>\nauf dieser Stra\u00dfe bleiben, bis man \u00fcber die A 92 f\u00e4hrt (=Ausfahrt Freising Ost)<\/span><\/li>\n<li><span class=\"ff2 fs16 cf5\">nach den Autobahnauffahrten, geht&#8217;s nach ca. 200 m links weg Richtung Badesse Stoiber M\u00fchle,<\/span><\/li>\n<li><span class=\"ff2 fs16 cf5\">man kommt nach ca. 1,5 km an dem Badesee vorbei,<\/span><\/li>\n<li><span class=\"ff2 fs16 cf5\">dann kommt eine T-<wbr \/>Kreuzung an dieser Kreuzung nicht rechts Richtung Marzling, sondern links Richtung Freising,<\/span><\/li>\n<li><span class=\"ff2 fs16 cf5\">dann kommt eine Br\u00fccke (f\u00fchrt \u00fcber die Autobahn dr\u00fcber),<\/span><\/li>\n<li><span class=\"ff2 fs16 cf5\">gleich nach der Br\u00fccke ist links eine Hofeinfahrt, da reinfahren und<\/span><\/li>\n<li><span class=\"ff2 fs16 cf5\">gleich wieder links einen Hohlweg nehmen, dann kommt der Parkplatz der Hundeschule.<\/span><\/li>\n<\/ul>\n<p><span class=\"ff3 fs16 cf5\"><b>&#8230;und wer&#8217;s kann, hier die Koordinaten f\u00fcr&#8217;s Navi:<br \/>\n<\/b><\/span><span class=\"fs24 ff4 cf5\">N48\u00b023.440 E011\u00b047.244<\/span><span class=\"fs16 ff2 cf5\"><br \/>\n<\/span><\/p>\n","protected":false},"excerpt":{"rendered":"<p>[wpgmza id=&#8220;1&#8243;] Der Hundeplatz liegt zwischen Freising und Marzling, ganz in der N\u00e4he der Stoiber M\u00fchle. Warum ich nicht einfach die Adresse f\u00fcr&#8217;s Navi angebe? Weil manche Navigations-Ger\u00e4te die Adresse nicht finden. Die n\u00e4chstgelegene Adresse, die Sie eingeben k\u00f6nnen, ist die Stoiber M\u00fchle, Marzling (Kulturstr.1) Vor da aus brauchen Sie dann aber trotzdem die u.a. [&hellip;]<\/p>\n","protected":false},"author":1,"featured_media":337,"parent":0,"menu_order":0,"comment_status":"closed","ping_status":"closed","template":"","meta":[],"_links":{"self":[{"href":"http:\/\/hundeschule-dreamteam.eu\/index.php?rest_route=\/wp\/v2\/pages\/109"}],"collection":[{"href":"http:\/\/hundeschule-dreamteam.eu\/index.php?rest_route=\/wp\/v2\/pages"}],"about":[{"href":"http:\/\/hundeschule-dreamteam.eu\/index.php?rest_route=\/wp\/v2\/types\/page"}],"author":[{"embeddable":true,"href":"http:\/\/hundeschule-dreamteam.eu\/index.php?rest_route=\/wp\/v2\/users\/1"}],"replies":[{"embeddable":true,"href":"http:\/\/hundeschule-dreamteam.eu\/index.php?rest_route=%2Fwp%2Fv2%2Fcomments&post=109"}],"version-history":[{"count":9,"href":"http:\/\/hundeschule-dreamteam.eu\/index.php?rest_route=\/wp\/v2\/pages\/109\/revisions"}],"predecessor-version":[{"id":1457,"href":"http:\/\/hundeschule-dreamteam.eu\/index.php?rest_route=\/wp\/v2\/pages\/109\/revisions\/1457"}],"wp:featuredmedia":[{"embeddable":true,"href":"http:\/\/hundeschule-dreamteam.eu\/index.php?rest_route=\/wp\/v2\/media\/337"}],"wp:attachment":[{"href":"http:\/\/hundeschule-dreamteam.eu\/index.php?rest_route=%2Fwp%2Fv2%2Fmedia&parent=109"}],"curies":[{"name":"wp","href":"https:\/\/api.w.org\/{rel}","templated":true}]}}