{"id":105,"date":"2016-07-26T13:53:06","date_gmt":"2016-07-26T13:53:06","guid":{"rendered":"http:\/\/hundeschule-dreamteam.eu\/?page_id=105"},"modified":"2023-11-16T11:22:16","modified_gmt":"2023-11-16T11:22:16","slug":"trainerin","status":"publish","type":"page","link":"http:\/\/hundeschule-dreamteam.eu\/?page_id=105","title":{"rendered":"Trainerin"},"content":{"rendered":"<h2 id=\"imPgTitle\">Christl &amp; Chica &amp; Chewie &amp; Chino&#8230;.<\/h2>\n<div id=\"imBreadcrumb\"><\/div>\n<div>\n<div id=\"imCell_1\" class=\"imGrid[0, 0]\">\n<div id=\"imCellStyle_1\">\n<div id=\"imTextObject_1_tab0\" class=\"text-tab-content\">\n<div class=\"text-inner\">\n<p><span class=\"ff1 cf3 fs16\">\u201c\u2026 beim n\u00e4chsten Hund wird alles anders\u201c, dachte ich mir 2004 und war mal wieder auf der Suche nach einer wirklich guten Hundeschule, als ich auf einer Ausstellung Lynn Hesel und ihr DreamTeam kennenlernte. Nach vielen Kursen mit meiner Golden Retriever H\u00fcndin Chica stand f\u00fcr uns fest: \u201eWo lernen so viel Spa\u00df macht, m\u00f6chten wir auch mitarbeiten!\u201c<\/span><\/p>\n<p>2010 habe ich eine Ausbildung bei der Hundeschule Dreamteam begonnen. Vor allem das Wissen, das ich f\u00fcr die Leitung der Welpen-, Junghunde- und Halbstarkenkurse brauchte, stand anfangs im Mittelpunkt.<\/p>\n<p>Lynn \u00fcber die Schulter zu schauen, viele Stunden des Lernens, um in Praxis und Theorie alles zu wissen, was f\u00fcr eine erfolgreiche Fr\u00fcherziehung, das Beaufsichtigen des Sozialspiels und die F\u00f6rderung der Umweltsicherheit notwendig ist, begleitete mich viele Monate.<\/p>\n<p>Lernen macht wirklich Spa\u00df &#8211; es folgten Praktika &#8222;Longieren und JAD-Dogs&#8220;, Anti-Jagd- und Clicker-Training, Dog Dance und Treibball. \u00a0Die &#8222;Abteilung Apportieren&#8220; ist schon aufgrund meiner Golden H\u00fcndin \u00a0seit Jahren mein Spezialgebiet &#8211; Chica und ich standen schon f\u00fcr Lynns Buch &#8222;Apportierspiele&#8220; Model. Daraus wuchsen die Dummy Wochen auf dem Edberghof in Niederbayern, welche wir gemeinsam veranstalten.<span class=\"fs18 ff2 cf3\"><br \/>\n<\/span><\/p>\n<p>So wurde aus der Ausbildung eine Anstellung, aus der Anstellung einige Jahre Partnerschaft und daraus dann die alleinige \u00dcbernahme der Hundeschule Dreamteam seit 2015.<\/p>\n<\/div>\n<p>Es folgten in den darauf folgenden Jahren diverse Fortbildungen bei Thomas Baumann, Udo Ganslo\u00dfer, Manuela v. Schewick, Dr. Blaschke-Berthold, Viviane Theby, Robert Mehl, Stefan Pommerencke sowie die staatliche \u00dcberpr\u00fcfung nach \u00a711 TierSchG.<\/p>\n<p>Seit Juli 2019 habe ich eine Dozentenstelle an der D\u00f6pfer Akademie M\u00fcnchen und Regensburg inne, Ausbildung Hundephysiotherapeut\/in. Fachbereich Hundepsychologie-der gesunde Hund\/K\u00f6rpersprache\/Fehlverhalten\/Training f\u00fcr bewegungseingeschr\u00e4nkte Hunde.<\/p>\n<p>Seit M\u00e4rz 2022 Therapiebegleithund Trainerin sowie Therapiebegleithunde F\u00fchrerin (Ausbildung und Pr\u00fcfung ATN)<\/p>\n<\/div>\n<p>Mein urspr\u00fcnglich beruflicher Werdegang lag\u00a0 im medizinischen, Heilpraktischen- und Psychiatrischen Fachkraft Bereich, was ich stets als wohltuende Symbiose empfinde.<\/p>\n<p>Lynn bleibt der Hundewelt und mir zum Gl\u00fcck erhalten, sie gibt im In- und Ausland Seminare zu verschiedensten Themen, siehe dazu:<\/p>\n<p><a href=\"http:\/\/www.hundeschule-dreamteam.de\">www.dreamteam-seminare.de<\/a><\/p>\n<p>Meine wunderbare Chica musste ich im Januar 2019 mit 14 Jahren gehen lassen.<\/p>\n<p>Im Fr\u00fchsommer zogen 2 Findlinge, Chewie und Chino bei mir ein, wir sind auf dem besten Weg zur Dreamteam Bildung.<\/p>\n<\/div>\n<\/div>\n<\/div>\n","protected":false},"excerpt":{"rendered":"<p>Christl &amp; Chica &amp; Chewie &amp; Chino&#8230;. \u201c\u2026 beim n\u00e4chsten Hund wird alles anders\u201c, dachte ich mir 2004 und war mal wieder auf der Suche nach einer wirklich guten Hundeschule, als ich auf einer Ausstellung Lynn Hesel und ihr DreamTeam kennenlernte. Nach vielen Kursen mit meiner Golden Retriever H\u00fcndin Chica stand f\u00fcr uns fest: \u201eWo [&hellip;]<\/p>\n","protected":false},"author":1,"featured_media":1361,"parent":0,"menu_order":0,"comment_status":"closed","ping_status":"closed","template":"","meta":[],"_links":{"self":[{"href":"http:\/\/hundeschule-dreamteam.eu\/index.php?rest_route=\/wp\/v2\/pages\/105"}],"collection":[{"href":"http:\/\/hundeschule-dreamteam.eu\/index.php?rest_route=\/wp\/v2\/pages"}],"about":[{"href":"http:\/\/hundeschule-dreamteam.eu\/index.php?rest_route=\/wp\/v2\/types\/page"}],"author":[{"embeddable":true,"href":"http:\/\/hundeschule-dreamteam.eu\/index.php?rest_route=\/wp\/v2\/users\/1"}],"replies":[{"embeddable":true,"href":"http:\/\/hundeschule-dreamteam.eu\/index.php?rest_route=%2Fwp%2Fv2%2Fcomments&post=105"}],"version-history":[{"count":26,"href":"http:\/\/hundeschule-dreamteam.eu\/index.php?rest_route=\/wp\/v2\/pages\/105\/revisions"}],"predecessor-version":[{"id":1300,"href":"http:\/\/hundeschule-dreamteam.eu\/index.php?rest_route=\/wp\/v2\/pages\/105\/revisions\/1300"}],"wp:featuredmedia":[{"embeddable":true,"href":"http:\/\/hundeschule-dreamteam.eu\/index.php?rest_route=\/wp\/v2\/media\/1361"}],"wp:attachment":[{"href":"http:\/\/hundeschule-dreamteam.eu\/index.php?rest_route=%2Fwp%2Fv2%2Fmedia&parent=105"}],"curies":[{"name":"wp","href":"https:\/\/api.w.org\/{rel}","templated":true}]}}